{"id":1947,"date":"2023-11-10T08:58:18","date_gmt":"2023-11-10T08:58:18","guid":{"rendered":"https:\/\/neuronthemes.com\/aoi\/?page_id=1947"},"modified":"2026-01-06T15:02:13","modified_gmt":"2026-01-06T15:02:13","slug":"about-us","status":"publish","type":"page","link":"https:\/\/neagency.net\/de\/about-us\/","title":{"rendered":"\u00dcber uns"},"content":{"rendered":"<div data-elementor-type=\"wp-page\" data-elementor-id=\"1947\" class=\"elementor elementor-1947\">\n\t\t\t\t<div class=\"elementor-element elementor-element-a76c36f animated-fast e-flex e-con-boxed elementor-invisible e-con e-parent\" data-id=\"a76c36f\" data-element_type=\"container\" data-e-type=\"container\" data-settings=\"{&quot;background_background&quot;:&quot;classic&quot;,&quot;animation&quot;:&quot;h-neuron-animation--slideUp&quot;}\">\n\t\t\t\t\t<div class=\"e-con-inner\">\n\t\t\t\t<div class=\"elementor-element elementor-element-23fbc26 elementor-widget elementor-widget-neuron-breadcrumbs\" data-id=\"23fbc26\" data-element_type=\"widget\" data-e-type=\"widget\" data-widget_type=\"neuron-breadcrumbs.default\">\n\t\t\t\t<div class=\"elementor-widget-container\">\n\t\t\t\t\t\n\t\t\t<div class=\"m-neuron-breadcrumbs\" aria-label=\"You are here:\">\n\t\t\t\t<span class=\"m-neuron-breadcrumbs__item\"><a href=\"https:\/\/neuronthemes.com\/aoi\/\">Startseite<\/a><\/span> <span class=\"m-neuron-breadcrumbs__separator\"> <\/span> <span class=\"m-neuron-breadcrumbs__item\" aria-current=\"page\">\u00dcber uns<\/span>\t\t\t<\/div>\n\n\t\t   \t\t\t\t<\/div>\n\t\t\t\t<\/div>\n\t\t<div class=\"elementor-element elementor-element-4e822a5 e-grid e-con-full elementor-hidden-mobile e-con e-child\" data-id=\"4e822a5\" data-element_type=\"container\" data-e-type=\"container\">\n\t\t\t\t<div class=\"elementor-element elementor-element-8ce2f84 elementor-widget elementor-widget-heading\" data-id=\"8ce2f84\" data-element_type=\"widget\" data-e-type=\"widget\" data-widget_type=\"heading.default\">\n\t\t\t\t<div class=\"elementor-widget-container\">\n\t\t\t\t\t<h3 class=\"elementor-heading-title elementor-size-default\">F\u00fchrend in der Evolution des digitalen Marketings<\/h3>\t\t\t\t<\/div>\n\t\t\t\t<\/div>\n\t\t\t\t<div class=\"elementor-element elementor-element-da18bfa elementor-widget elementor-widget-text-editor\" data-id=\"da18bfa\" data-element_type=\"widget\" data-e-type=\"widget\" data-widget_type=\"text-editor.default\">\n\t\t\t\t<div class=\"elementor-widget-container\">\n\t\t\t\t\t\t\t\t\t<p>Wir sind ein digitales Marketingunternehmen, das sich auf die Erstellung trendiger Designs f\u00fcr Unternehmen auf der ganzen Welt spezialisiert hat. Von Banken bis hin zu Restaurants, Kinderg\u00e4rten bis hin zu Online-Shops helfen wir Marken, mit frischen und innovativen Designs herauszustechen<br \/><br \/>Wir erstellen auch Websites, die nicht nur stilvoll, sondern auch benutzerfreundlich sind, damit Ihre Kunden eine gro\u00dfartige Erfahrung haben. Mit uns kann Ihre Marke online wie nie zuvor strahlen.<\/p>\t\t\t\t\t\t\t\t<\/div>\n\t\t\t\t<\/div>\n\t\t\t\t<\/div>\n\t\t\t\t<div class=\"elementor-element elementor-element-cbc9c7a elementor-widget elementor-widget-image\" data-id=\"cbc9c7a\" data-element_type=\"widget\" data-e-type=\"widget\" data-widget_type=\"image.default\">\n\t\t\t\t<div class=\"elementor-widget-container\">\n\t\t\t\t\t\t\t\t\t\t\t\t\t\t\t<img fetchpriority=\"high\" decoding=\"async\" width=\"1980\" height=\"976\" src=\"https:\/\/neagency.net\/wp-content\/uploads\/2023\/11\/about-us-hero-image.jpg\" class=\"attachment-full size-full wp-image-2747\" alt=\"\" srcset=\"https:\/\/neagency.net\/wp-content\/uploads\/2023\/11\/about-us-hero-image.jpg 1980w, https:\/\/neagency.net\/wp-content\/uploads\/2023\/11\/about-us-hero-image-300x148.jpg 300w, https:\/\/neagency.net\/wp-content\/uploads\/2023\/11\/about-us-hero-image-1024x505.jpg 1024w, https:\/\/neagency.net\/wp-content\/uploads\/2023\/11\/about-us-hero-image-768x379.jpg 768w, https:\/\/neagency.net\/wp-content\/uploads\/2023\/11\/about-us-hero-image-1536x757.jpg 1536w\" sizes=\"(max-width: 1980px) 100vw, 1980px\" \/>\t\t\t\t\t\t\t\t\t\t\t\t\t\t\t<\/div>\n\t\t\t\t<\/div>\n\t\t\t\t\t<\/div>\n\t\t\t\t<\/div>\n\t\t<div class=\"elementor-element elementor-element-d3e02bb animated-fast e-flex e-con-boxed elementor-invisible e-con e-parent\" data-id=\"d3e02bb\" data-element_type=\"container\" data-e-type=\"container\" data-settings=\"{&quot;background_background&quot;:&quot;classic&quot;,&quot;animation&quot;:&quot;h-neuron-animation--slideUp&quot;}\">\n\t\t\t\t\t<div class=\"e-con-inner\">\n\t\t\t\t<div class=\"elementor-element elementor-element-25d0c78 elementor-widget elementor-widget-heading\" data-id=\"25d0c78\" data-element_type=\"widget\" data-e-type=\"widget\" data-widget_type=\"heading.default\">\n\t\t\t\t<div class=\"elementor-widget-container\">\n\t\t\t\t\t<span class=\"elementor-heading-title elementor-size-default\">What we offer?<\/span>\t\t\t\t<\/div>\n\t\t\t\t<\/div>\n\t\t\t\t<div class=\"elementor-element elementor-element-9691b2c elementor-widget elementor-widget-heading\" data-id=\"9691b2c\" data-element_type=\"widget\" data-e-type=\"widget\" data-widget_type=\"heading.default\">\n\t\t\t\t<div class=\"elementor-widget-container\">\n\t\t\t\t\t<h2 class=\"elementor-heading-title elementor-size-default\">Lernen Sie unser fantastisches Team kennen<\/h2>\t\t\t\t<\/div>\n\t\t\t\t<\/div>\n\t\t\t\t<div class=\"elementor-element elementor-element-5ad139d elementor-widget elementor-widget-text-editor\" data-id=\"5ad139d\" data-element_type=\"widget\" data-e-type=\"widget\" data-widget_type=\"text-editor.default\">\n\t\t\t\t<div class=\"elementor-widget-container\">\n\t\t\t\t\t\t\t\t\t<p>Von kreativen Designern \u00fcber strategische Vermarkter bis hin zu erfahrenen<br \/>Webentwickler, unser Team vereint ein gemeinsames Ziel: Ihrem Unternehmen zum Erfolg zu verhelfen<\/p>\t\t\t\t\t\t\t\t<\/div>\n\t\t\t\t<\/div>\n\t\t<div class=\"elementor-element elementor-element-2e4c73c e-con-full e-flex e-con e-child\" data-id=\"2e4c73c\" data-element_type=\"container\" data-e-type=\"container\">\n\t\t<div class=\"elementor-element elementor-element-dc03c99 e-con-full e-flex e-con e-child\" data-id=\"dc03c99\" data-element_type=\"container\" data-e-type=\"container\">\n\t\t\t\t<div class=\"elementor-element elementor-element-888bdb6 elementor-widget elementor-widget-image\" data-id=\"888bdb6\" data-element_type=\"widget\" data-e-type=\"widget\" data-widget_type=\"image.default\">\n\t\t\t\t<div class=\"elementor-widget-container\">\n\t\t\t\t\t\t\t\t\t\t\t\t<figure class=\"wp-caption\">\n\t\t\t\t\t\t\t\t\t\t<img decoding=\"async\" width=\"1280\" height=\"1280\" src=\"https:\/\/neagency.net\/wp-content\/uploads\/2024\/02\/download-1.png\" class=\"attachment-full size-full wp-image-4921\" alt=\"\" srcset=\"https:\/\/neagency.net\/wp-content\/uploads\/2024\/02\/download-1.png 1280w, https:\/\/neagency.net\/wp-content\/uploads\/2024\/02\/download-1-300x300.png 300w, https:\/\/neagency.net\/wp-content\/uploads\/2024\/02\/download-1-1024x1024.png 1024w, https:\/\/neagency.net\/wp-content\/uploads\/2024\/02\/download-1-150x150.png 150w, https:\/\/neagency.net\/wp-content\/uploads\/2024\/02\/download-1-768x768.png 768w\" sizes=\"(max-width: 1280px) 100vw, 1280px\" \/>\t\t\t\t\t\t\t\t\t\t\t<figcaption class=\"widget-image-caption wp-caption-text\"><\/figcaption>\n\t\t\t\t\t\t\t\t\t\t<\/figure>\n\t\t\t\t\t\t\t\t\t<\/div>\n\t\t\t\t<\/div>\n\t\t\t\t<div class=\"elementor-element elementor-element-6155866 elementor-widget elementor-widget-heading\" data-id=\"6155866\" data-element_type=\"widget\" data-e-type=\"widget\" data-widget_type=\"heading.default\">\n\t\t\t\t<div class=\"elementor-widget-container\">\n\t\t\t\t\t<span class=\"elementor-heading-title elementor-size-default\">Vigan Hajdari<\/span>\t\t\t\t<\/div>\n\t\t\t\t<\/div>\n\t\t\t\t<div class=\"elementor-element elementor-element-b8f950a elementor-widget elementor-widget-heading\" data-id=\"b8f950a\" data-element_type=\"widget\" data-e-type=\"widget\" data-widget_type=\"heading.default\">\n\t\t\t\t<div class=\"elementor-widget-container\">\n\t\t\t\t\t<span class=\"elementor-heading-title elementor-size-default\">CEO<\/span>\t\t\t\t<\/div>\n\t\t\t\t<\/div>\n\t\t\t\t<\/div>\n\t\t<div class=\"elementor-element elementor-element-88cb63f e-con-full e-flex e-con e-child\" data-id=\"88cb63f\" data-element_type=\"container\" data-e-type=\"container\">\n\t\t\t\t<div class=\"elementor-element elementor-element-98a6355 elementor-widget elementor-widget-image\" data-id=\"98a6355\" data-element_type=\"widget\" data-e-type=\"widget\" data-widget_type=\"image.default\">\n\t\t\t\t<div class=\"elementor-widget-container\">\n\t\t\t\t\t\t\t\t\t\t\t\t<figure class=\"wp-caption\">\n\t\t\t\t\t\t\t\t\t\t<img decoding=\"async\" width=\"1280\" height=\"1280\" src=\"https:\/\/neagency.net\/wp-content\/uploads\/2024\/02\/download-1.png\" class=\"attachment-full size-full wp-image-4921\" alt=\"\" srcset=\"https:\/\/neagency.net\/wp-content\/uploads\/2024\/02\/download-1.png 1280w, https:\/\/neagency.net\/wp-content\/uploads\/2024\/02\/download-1-300x300.png 300w, https:\/\/neagency.net\/wp-content\/uploads\/2024\/02\/download-1-1024x1024.png 1024w, https:\/\/neagency.net\/wp-content\/uploads\/2024\/02\/download-1-150x150.png 150w, https:\/\/neagency.net\/wp-content\/uploads\/2024\/02\/download-1-768x768.png 768w\" sizes=\"(max-width: 1280px) 100vw, 1280px\" \/>\t\t\t\t\t\t\t\t\t\t\t<figcaption class=\"widget-image-caption wp-caption-text\"><\/figcaption>\n\t\t\t\t\t\t\t\t\t\t<\/figure>\n\t\t\t\t\t\t\t\t\t<\/div>\n\t\t\t\t<\/div>\n\t\t\t\t<div class=\"elementor-element elementor-element-7562d4c elementor-widget elementor-widget-heading\" data-id=\"7562d4c\" data-element_type=\"widget\" data-e-type=\"widget\" data-widget_type=\"heading.default\">\n\t\t\t\t<div class=\"elementor-widget-container\">\n\t\t\t\t\t<span class=\"elementor-heading-title elementor-size-default\">Diart Islami<\/span>\t\t\t\t<\/div>\n\t\t\t\t<\/div>\n\t\t\t\t<div class=\"elementor-element elementor-element-36d361b elementor-widget elementor-widget-heading\" data-id=\"36d361b\" data-element_type=\"widget\" data-e-type=\"widget\" data-widget_type=\"heading.default\">\n\t\t\t\t<div class=\"elementor-widget-container\">\n\t\t\t\t\t<span class=\"elementor-heading-title elementor-size-default\">LEITENDER GRAFIKDESIGNER<\/span>\t\t\t\t<\/div>\n\t\t\t\t<\/div>\n\t\t\t\t<\/div>\n\t\t<div class=\"elementor-element elementor-element-26bdf56 e-con-full e-flex e-con e-child\" data-id=\"26bdf56\" data-element_type=\"container\" data-e-type=\"container\">\n\t\t\t\t<div class=\"elementor-element elementor-element-4db10e8 elementor-widget elementor-widget-image\" data-id=\"4db10e8\" data-element_type=\"widget\" data-e-type=\"widget\" data-widget_type=\"image.default\">\n\t\t\t\t<div class=\"elementor-widget-container\">\n\t\t\t\t\t\t\t\t\t\t\t\t<figure class=\"wp-caption\">\n\t\t\t\t\t\t\t\t\t\t<img decoding=\"async\" width=\"1280\" height=\"1280\" src=\"https:\/\/neagency.net\/wp-content\/uploads\/2024\/02\/download-1.png\" class=\"attachment-full size-full wp-image-4921\" alt=\"\" srcset=\"https:\/\/neagency.net\/wp-content\/uploads\/2024\/02\/download-1.png 1280w, https:\/\/neagency.net\/wp-content\/uploads\/2024\/02\/download-1-300x300.png 300w, https:\/\/neagency.net\/wp-content\/uploads\/2024\/02\/download-1-1024x1024.png 1024w, https:\/\/neagency.net\/wp-content\/uploads\/2024\/02\/download-1-150x150.png 150w, https:\/\/neagency.net\/wp-content\/uploads\/2024\/02\/download-1-768x768.png 768w\" sizes=\"(max-width: 1280px) 100vw, 1280px\" \/>\t\t\t\t\t\t\t\t\t\t\t<figcaption class=\"widget-image-caption wp-caption-text\"><\/figcaption>\n\t\t\t\t\t\t\t\t\t\t<\/figure>\n\t\t\t\t\t\t\t\t\t<\/div>\n\t\t\t\t<\/div>\n\t\t\t\t<div class=\"elementor-element elementor-element-cccf614 elementor-widget elementor-widget-heading\" data-id=\"cccf614\" data-element_type=\"widget\" data-e-type=\"widget\" data-widget_type=\"heading.default\">\n\t\t\t\t<div class=\"elementor-widget-container\">\n\t\t\t\t\t<span class=\"elementor-heading-title elementor-size-default\">Dafina Shabani<\/span>\t\t\t\t<\/div>\n\t\t\t\t<\/div>\n\t\t\t\t<div class=\"elementor-element elementor-element-b7411a6 elementor-widget elementor-widget-heading\" data-id=\"b7411a6\" data-element_type=\"widget\" data-e-type=\"widget\" data-widget_type=\"heading.default\">\n\t\t\t\t<div class=\"elementor-widget-container\">\n\t\t\t\t\t<span class=\"elementor-heading-title elementor-size-default\">STRATEGIST &amp; CONTENT WRITER<\/span>\t\t\t\t<\/div>\n\t\t\t\t<\/div>\n\t\t\t\t<\/div>\n\t\t<div class=\"elementor-element elementor-element-277c980 e-con-full e-flex e-con e-child\" data-id=\"277c980\" data-element_type=\"container\" data-e-type=\"container\">\n\t\t\t\t<div class=\"elementor-element elementor-element-8008a66 elementor-widget elementor-widget-image\" data-id=\"8008a66\" data-element_type=\"widget\" data-e-type=\"widget\" data-widget_type=\"image.default\">\n\t\t\t\t<div class=\"elementor-widget-container\">\n\t\t\t\t\t\t\t\t\t\t\t\t<figure class=\"wp-caption\">\n\t\t\t\t\t\t\t\t\t\t<img decoding=\"async\" width=\"1280\" height=\"1280\" src=\"https:\/\/neagency.net\/wp-content\/uploads\/2024\/02\/download-1.png\" class=\"attachment-full size-full wp-image-4921\" alt=\"\" srcset=\"https:\/\/neagency.net\/wp-content\/uploads\/2024\/02\/download-1.png 1280w, https:\/\/neagency.net\/wp-content\/uploads\/2024\/02\/download-1-300x300.png 300w, https:\/\/neagency.net\/wp-content\/uploads\/2024\/02\/download-1-1024x1024.png 1024w, https:\/\/neagency.net\/wp-content\/uploads\/2024\/02\/download-1-150x150.png 150w, https:\/\/neagency.net\/wp-content\/uploads\/2024\/02\/download-1-768x768.png 768w\" sizes=\"(max-width: 1280px) 100vw, 1280px\" \/>\t\t\t\t\t\t\t\t\t\t\t<figcaption class=\"widget-image-caption wp-caption-text\"><\/figcaption>\n\t\t\t\t\t\t\t\t\t\t<\/figure>\n\t\t\t\t\t\t\t\t\t<\/div>\n\t\t\t\t<\/div>\n\t\t\t\t<div class=\"elementor-element elementor-element-b258b02 elementor-widget elementor-widget-heading\" data-id=\"b258b02\" data-element_type=\"widget\" data-e-type=\"widget\" data-widget_type=\"heading.default\">\n\t\t\t\t<div class=\"elementor-widget-container\">\n\t\t\t\t\t<span class=\"elementor-heading-title elementor-size-default\">Riona Citaku<\/span>\t\t\t\t<\/div>\n\t\t\t\t<\/div>\n\t\t\t\t<div class=\"elementor-element elementor-element-7c9d7c9 elementor-widget elementor-widget-heading\" data-id=\"7c9d7c9\" data-element_type=\"widget\" data-e-type=\"widget\" data-widget_type=\"heading.default\">\n\t\t\t\t<div class=\"elementor-widget-container\">\n\t\t\t\t\t<span class=\"elementor-heading-title elementor-size-default\">GRAFIKDESIGNER<\/span>\t\t\t\t<\/div>\n\t\t\t\t<\/div>\n\t\t\t\t<\/div>\n\t\t\t\t<\/div>\n\t\t<div class=\"elementor-element elementor-element-f5f478e e-con-full e-flex e-con e-child\" data-id=\"f5f478e\" data-element_type=\"container\" data-e-type=\"container\">\n\t\t<div class=\"elementor-element elementor-element-d1f23b1 e-con-full e-flex e-con e-child\" data-id=\"d1f23b1\" data-element_type=\"container\" data-e-type=\"container\">\n\t\t\t\t<div class=\"elementor-element elementor-element-a793170 elementor-widget elementor-widget-image\" data-id=\"a793170\" data-element_type=\"widget\" data-e-type=\"widget\" data-widget_type=\"image.default\">\n\t\t\t\t<div class=\"elementor-widget-container\">\n\t\t\t\t\t\t\t\t\t\t\t\t<figure class=\"wp-caption\">\n\t\t\t\t\t\t\t\t\t\t<img decoding=\"async\" width=\"1280\" height=\"1280\" src=\"https:\/\/neagency.net\/wp-content\/uploads\/2024\/02\/download-1.png\" class=\"attachment-full size-full wp-image-4921\" alt=\"\" srcset=\"https:\/\/neagency.net\/wp-content\/uploads\/2024\/02\/download-1.png 1280w, https:\/\/neagency.net\/wp-content\/uploads\/2024\/02\/download-1-300x300.png 300w, https:\/\/neagency.net\/wp-content\/uploads\/2024\/02\/download-1-1024x1024.png 1024w, https:\/\/neagency.net\/wp-content\/uploads\/2024\/02\/download-1-150x150.png 150w, https:\/\/neagency.net\/wp-content\/uploads\/2024\/02\/download-1-768x768.png 768w\" sizes=\"(max-width: 1280px) 100vw, 1280px\" \/>\t\t\t\t\t\t\t\t\t\t\t<figcaption class=\"widget-image-caption wp-caption-text\"><\/figcaption>\n\t\t\t\t\t\t\t\t\t\t<\/figure>\n\t\t\t\t\t\t\t\t\t<\/div>\n\t\t\t\t<\/div>\n\t\t\t\t<div class=\"elementor-element elementor-element-2a6b80b elementor-widget elementor-widget-heading\" data-id=\"2a6b80b\" data-element_type=\"widget\" data-e-type=\"widget\" data-widget_type=\"heading.default\">\n\t\t\t\t<div class=\"elementor-widget-container\">\n\t\t\t\t\t<span class=\"elementor-heading-title elementor-size-default\">Rina Tolaj<\/span>\t\t\t\t<\/div>\n\t\t\t\t<\/div>\n\t\t\t\t<div class=\"elementor-element elementor-element-a723e25 elementor-widget elementor-widget-heading\" data-id=\"a723e25\" data-element_type=\"widget\" data-e-type=\"widget\" data-widget_type=\"heading.default\">\n\t\t\t\t<div class=\"elementor-widget-container\">\n\t\t\t\t\t<span class=\"elementor-heading-title elementor-size-default\">PROJECT MANAGER<\/span>\t\t\t\t<\/div>\n\t\t\t\t<\/div>\n\t\t\t\t<\/div>\n\t\t<div class=\"elementor-element elementor-element-45556a4 e-con-full e-flex e-con e-child\" data-id=\"45556a4\" data-element_type=\"container\" data-e-type=\"container\">\n\t\t\t\t<div class=\"elementor-element elementor-element-be6ef47 elementor-widget elementor-widget-image\" data-id=\"be6ef47\" data-element_type=\"widget\" data-e-type=\"widget\" data-widget_type=\"image.default\">\n\t\t\t\t<div class=\"elementor-widget-container\">\n\t\t\t\t\t\t\t\t\t\t\t\t<figure class=\"wp-caption\">\n\t\t\t\t\t\t\t\t\t\t<img decoding=\"async\" width=\"1280\" height=\"1280\" src=\"https:\/\/neagency.net\/wp-content\/uploads\/2024\/02\/download-1.png\" class=\"attachment-full size-full wp-image-4921\" alt=\"\" srcset=\"https:\/\/neagency.net\/wp-content\/uploads\/2024\/02\/download-1.png 1280w, https:\/\/neagency.net\/wp-content\/uploads\/2024\/02\/download-1-300x300.png 300w, https:\/\/neagency.net\/wp-content\/uploads\/2024\/02\/download-1-1024x1024.png 1024w, https:\/\/neagency.net\/wp-content\/uploads\/2024\/02\/download-1-150x150.png 150w, https:\/\/neagency.net\/wp-content\/uploads\/2024\/02\/download-1-768x768.png 768w\" sizes=\"(max-width: 1280px) 100vw, 1280px\" \/>\t\t\t\t\t\t\t\t\t\t\t<figcaption class=\"widget-image-caption wp-caption-text\"><\/figcaption>\n\t\t\t\t\t\t\t\t\t\t<\/figure>\n\t\t\t\t\t\t\t\t\t<\/div>\n\t\t\t\t<\/div>\n\t\t\t\t<div class=\"elementor-element elementor-element-fe59ba0 elementor-widget elementor-widget-heading\" data-id=\"fe59ba0\" data-element_type=\"widget\" data-e-type=\"widget\" data-widget_type=\"heading.default\">\n\t\t\t\t<div class=\"elementor-widget-container\">\n\t\t\t\t\t<span class=\"elementor-heading-title elementor-size-default\">Nora Citaku<\/span>\t\t\t\t<\/div>\n\t\t\t\t<\/div>\n\t\t\t\t<div class=\"elementor-element elementor-element-1264eea elementor-widget elementor-widget-heading\" data-id=\"1264eea\" data-element_type=\"widget\" data-e-type=\"widget\" data-widget_type=\"heading.default\">\n\t\t\t\t<div class=\"elementor-widget-container\">\n\t\t\t\t\t<span class=\"elementor-heading-title elementor-size-default\"> WEB DEVELOPER<\/span>\t\t\t\t<\/div>\n\t\t\t\t<\/div>\n\t\t\t\t<\/div>\n\t\t<div class=\"elementor-element elementor-element-95fc139 e-con-full e-flex e-con e-child\" data-id=\"95fc139\" data-element_type=\"container\" data-e-type=\"container\">\n\t\t\t\t<\/div>\n\t\t<div class=\"elementor-element elementor-element-dd9cad4 e-con-full e-flex e-con e-child\" data-id=\"dd9cad4\" data-element_type=\"container\" data-e-type=\"container\">\n\t\t\t\t<\/div>\n\t\t\t\t<\/div>\n\t\t\t\t\t<\/div>\n\t\t\t\t<\/div>\n\t\t<div class=\"elementor-element elementor-element-ac9010e animated-fast e-flex e-con-boxed elementor-invisible e-con e-parent\" data-id=\"ac9010e\" data-element_type=\"container\" data-e-type=\"container\" data-settings=\"{&quot;background_background&quot;:&quot;classic&quot;,&quot;animation&quot;:&quot;h-neuron-animation--slideUp&quot;}\">\n\t\t\t\t\t<div class=\"e-con-inner\">\n\t\t\t\t<div class=\"elementor-element elementor-element-0c6b68f elementor-widget elementor-widget-heading\" data-id=\"0c6b68f\" data-element_type=\"widget\" data-e-type=\"widget\" data-widget_type=\"heading.default\">\n\t\t\t\t<div class=\"elementor-widget-container\">\n\t\t\t\t\t<span class=\"elementor-heading-title elementor-size-default\">Unsere Funktionen<\/span>\t\t\t\t<\/div>\n\t\t\t\t<\/div>\n\t\t\t\t<div class=\"elementor-element elementor-element-36e87a2 elementor-widget elementor-widget-heading\" data-id=\"36e87a2\" data-element_type=\"widget\" data-e-type=\"widget\" data-widget_type=\"heading.default\">\n\t\t\t\t<div class=\"elementor-widget-container\">\n\t\t\t\t\t<h4 class=\"elementor-heading-title elementor-size-default\">Machen Sie sich bereit f\u00fcr ein au\u00dfergew\u00f6hnliches <br>\nReise mit unserem bemerkenswerten <br>\nTeam an Ihrer Seite<\/h4>\t\t\t\t<\/div>\n\t\t\t\t<\/div>\n\t\t\t\t<div class=\"elementor-element elementor-element-e26549c elementor-widget elementor-widget-heading\" data-id=\"e26549c\" data-element_type=\"widget\" data-e-type=\"widget\" data-widget_type=\"heading.default\">\n\t\t\t\t<div class=\"elementor-widget-container\">\n\t\t\t\t\t<span class=\"elementor-heading-title elementor-size-default\">Kundendienstsoftware erm\u00f6glicht es Ihnen, besser zu entwickeln<\/span>\t\t\t\t<\/div>\n\t\t\t\t<\/div>\n\t\t<div class=\"elementor-element elementor-element-73b06e5 e-con-full e-flex e-con e-child\" data-id=\"73b06e5\" data-element_type=\"container\" data-e-type=\"container\">\n\t\t\t\t<div class=\"elementor-element elementor-element-95cefe9 elementor-widget elementor-widget-button\" data-id=\"95cefe9\" data-element_type=\"widget\" data-e-type=\"widget\" data-widget_type=\"button.default\">\n\t\t\t\t<div class=\"elementor-widget-container\">\n\t\t\t\t\t\t\t\t\t<div class=\"elementor-button-wrapper\">\n\t\t\t\t\t<a class=\"elementor-button elementor-button-link elementor-size-sm\" href=\"#\">\n\t\t\t\t\t\t<span class=\"elementor-button-content-wrapper\">\n\t\t\t\t\t\t\t\t\t<span class=\"elementor-button-text\">Loslegen<\/span>\n\t\t\t\t\t<\/span>\n\t\t\t\t\t<\/a>\n\t\t\t\t<\/div>\n\t\t\t\t\t\t\t\t<\/div>\n\t\t\t\t<\/div>\n\t\t\t\t<\/div>\n\t\t\t\t\t<\/div>\n\t\t\t\t<\/div>\n\t\t\t\t<\/div>","protected":false},"excerpt":{"rendered":"<p>Home About Us Leading the Digital Marketing Evolution We\u2019re a digital marketing company that specializes in creating trendy designs for businesses around the world. From banking to restaurants, kindergartens to online stores, we help brands stand out with fresh and innovative designs. We also build websites that are not only stylish but also easy to&#8230;<\/p>","protected":false},"author":2,"featured_media":0,"parent":0,"menu_order":0,"comment_status":"closed","ping_status":"closed","template":"","meta":{"footnotes":""},"class_list":["post-1947","page","type-page","status-publish","hentry"],"_links":{"self":[{"href":"https:\/\/neagency.net\/de\/wp-json\/wp\/v2\/pages\/1947","targetHints":{"allow":["GET"]}}],"collection":[{"href":"https:\/\/neagency.net\/de\/wp-json\/wp\/v2\/pages"}],"about":[{"href":"https:\/\/neagency.net\/de\/wp-json\/wp\/v2\/types\/page"}],"author":[{"embeddable":true,"href":"https:\/\/neagency.net\/de\/wp-json\/wp\/v2\/users\/2"}],"replies":[{"embeddable":true,"href":"https:\/\/neagency.net\/de\/wp-json\/wp\/v2\/comments?post=1947"}],"version-history":[{"count":15,"href":"https:\/\/neagency.net\/de\/wp-json\/wp\/v2\/pages\/1947\/revisions"}],"predecessor-version":[{"id":5154,"href":"https:\/\/neagency.net\/de\/wp-json\/wp\/v2\/pages\/1947\/revisions\/5154"}],"wp:attachment":[{"href":"https:\/\/neagency.net\/de\/wp-json\/wp\/v2\/media?parent=1947"}],"curies":[{"name":"wp","href":"https:\/\/api.w.org\/{rel}","templated":true}]}}