{"id":1988,"date":"2023-11-10T09:42:26","date_gmt":"2023-11-10T09:42:26","guid":{"rendered":"https:\/\/neuronthemes.com\/aoi\/?page_id=1988"},"modified":"2024-02-29T14:48:57","modified_gmt":"2024-02-29T14:48:57","slug":"services","status":"publish","type":"page","link":"https:\/\/neagency.net\/de\/services\/","title":{"rendered":"Dienstleistungen"},"content":{"rendered":"<div data-elementor-type=\"wp-page\" data-elementor-id=\"1988\" class=\"elementor elementor-1988\">\n\t\t\t\t<div class=\"elementor-element elementor-element-738a558 animated-fast e-flex e-con-boxed elementor-invisible e-con e-parent\" data-id=\"738a558\" data-element_type=\"container\" data-e-type=\"container\" data-settings=\"{&quot;animation&quot;:&quot;h-neuron-animation--slideUp&quot;}\">\n\t\t\t\t\t<div class=\"e-con-inner\">\n\t\t\t\t<div class=\"elementor-element elementor-element-2e783d0 elementor-widget elementor-widget-neuron-breadcrumbs\" data-id=\"2e783d0\" data-element_type=\"widget\" data-e-type=\"widget\" data-widget_type=\"neuron-breadcrumbs.default\">\n\t\t\t\t<div class=\"elementor-widget-container\">\n\t\t\t\t\t\n\t\t\t<div class=\"m-neuron-breadcrumbs\" aria-label=\"You are here:\">\n\t\t\t\t<span class=\"m-neuron-breadcrumbs__item\"><a href=\"https:\/\/neuronthemes.com\/aoi\/\">Startseite<\/a><\/span> <span class=\"m-neuron-breadcrumbs__separator\"> <\/span> <span class=\"m-neuron-breadcrumbs__item\" aria-current=\"page\">Dienstleistungen<\/span>\t\t\t<\/div>\n\n\t\t   \t\t\t\t<\/div>\n\t\t\t\t<\/div>\n\t\t\t\t<div class=\"elementor-element elementor-element-7fcfc1c elementor-widget elementor-widget-heading\" data-id=\"7fcfc1c\" data-element_type=\"widget\" data-e-type=\"widget\" data-widget_type=\"heading.default\">\n\t\t\t\t<div class=\"elementor-widget-container\">\n\t\t\t\t\t<h2 class=\"elementor-heading-title elementor-size-default\">Die richtige Plan ausw\u00e4hlen<br>\nF\u00fcr Ihr Unternehmen<\/h2>\t\t\t\t<\/div>\n\t\t\t\t<\/div>\n\t\t\t\t<div class=\"elementor-element elementor-element-805b7e2 elementor-widget elementor-widget-text-editor\" data-id=\"805b7e2\" data-element_type=\"widget\" data-e-type=\"widget\" data-widget_type=\"text-editor.default\">\n\t\t\t\t<div class=\"elementor-widget-container\">\n\t\t\t\t\t\t\t\t\t<p>Mit Liebe f\u00fcr wachsende Unternehmen entwickelt<\/p>\t\t\t\t\t\t\t\t<\/div>\n\t\t\t\t<\/div>\n\t\t\t\t<div class=\"elementor-element elementor-element-c7d4f02 elementor-widget elementor-widget-image\" data-id=\"c7d4f02\" data-element_type=\"widget\" data-e-type=\"widget\" data-widget_type=\"image.default\">\n\t\t\t\t<div class=\"elementor-widget-container\">\n\t\t\t\t\t\t\t\t\t\t\t\t\t\t\t<img fetchpriority=\"high\" decoding=\"async\" width=\"1980\" height=\"976\" src=\"https:\/\/neagency.net\/wp-content\/uploads\/2023\/11\/services-hero-image.jpg\" class=\"attachment-full size-full wp-image-2751\" alt=\"\" srcset=\"https:\/\/neagency.net\/wp-content\/uploads\/2023\/11\/services-hero-image.jpg 1980w, https:\/\/neagency.net\/wp-content\/uploads\/2023\/11\/services-hero-image-300x148.jpg 300w, https:\/\/neagency.net\/wp-content\/uploads\/2023\/11\/services-hero-image-1024x505.jpg 1024w, https:\/\/neagency.net\/wp-content\/uploads\/2023\/11\/services-hero-image-768x379.jpg 768w, https:\/\/neagency.net\/wp-content\/uploads\/2023\/11\/services-hero-image-1536x757.jpg 1536w\" sizes=\"(max-width: 1980px) 100vw, 1980px\" \/>\t\t\t\t\t\t\t\t\t\t\t\t\t\t\t<\/div>\n\t\t\t\t<\/div>\n\t\t\t\t<div class=\"elementor-element elementor-element-97ff2a8 elementor-fixed elementor-hidden-mobile elementor-hidden-tablet elementor-widget elementor-widget-button\" data-id=\"97ff2a8\" data-element_type=\"widget\" data-e-type=\"widget\" data-settings=\"{&quot;_position&quot;:&quot;fixed&quot;}\" data-widget_type=\"button.default\">\n\t\t\t\t<div class=\"elementor-widget-container\">\n\t\t\t\t\t\t\t\t\t<div class=\"elementor-button-wrapper\">\n\t\t\t\t\t<a class=\"elementor-button elementor-button-link elementor-size-sm\" href=\"#\">\n\t\t\t\t\t\t<span class=\"elementor-button-content-wrapper\">\n\t\t\t\t\t\t<span class=\"elementor-button-icon\">\n\t\t\t\t\t\t\t<\/span>\n\t\t\t\t\t\t\t\t\t<span class=\"elementor-button-text\">Let's talk!<\/span>\n\t\t\t\t\t<\/span>\n\t\t\t\t\t<\/a>\n\t\t\t\t<\/div>\n\t\t\t\t\t\t\t\t<\/div>\n\t\t\t\t<\/div>\n\t\t\t\t\t<\/div>\n\t\t\t\t<\/div>\n\t\t<div class=\"elementor-element elementor-element-7acb20a e-con-full e-grid e-con e-parent\" data-id=\"7acb20a\" data-element_type=\"container\" data-e-type=\"container\">\n\t\t\t\t<div class=\"elementor-element elementor-element-0eae44e animated-fast elementor-view-default elementor-position-block-start elementor-mobile-position-block-start elementor-invisible elementor-widget elementor-widget-icon-box\" data-id=\"0eae44e\" data-element_type=\"widget\" data-e-type=\"widget\" data-settings=\"{&quot;_animation&quot;:&quot;h-neuron-animation--slideUp&quot;}\" data-widget_type=\"icon-box.default\">\n\t\t\t\t<div class=\"elementor-widget-container\">\n\t\t\t\t\t\t\t<div class=\"elementor-icon-box-wrapper\">\n\n\t\t\t\t\t\t<div class=\"elementor-icon-box-icon\">\n\t\t\t\t<span  class=\"elementor-icon\">\n\t\t\t\t\t\t\t\t<\/span>\n\t\t\t<\/div>\n\t\t\t\n\t\t\t\t\t\t<div class=\"elementor-icon-box-content\">\n\n\t\t\t\t\t\t\t\t\t<span class=\"elementor-icon-box-title\">\n\t\t\t\t\t\t<span  >\n\t\t\t\t\t\t\tSocial Media Management\t\t\t\t\t\t<\/span>\n\t\t\t\t\t<\/span>\n\t\t\t\t\n\t\t\t\t\t\t\t\t\t<p class=\"elementor-icon-box-description\">\n\t\t\t\t\t\tUnsere Social-Media-Management-Services umfassen alles von der Inhaltsentwicklung und Planung \u00fcber die Community-Interaktion bis hin zur Analyseverfolgung. Wir entwickeln ma\u00dfgeschneiderte Strategien, um die Online-Pr\u00e4senz Ihrer Marke auf verschiedenen Plattformen zu steigern, Engagement zu f\u00f6rdern und sinnvolle Verbindungen zu Ihrem Publikum aufzubauen.\t\t\t\t\t<\/p>\n\t\t\t\t\n\t\t\t<\/div>\n\t\t\t\n\t\t<\/div>\n\t\t\t\t\t\t<\/div>\n\t\t\t\t<\/div>\n\t\t\t\t<div class=\"elementor-element elementor-element-10f556c animated-fast elementor-view-default elementor-position-block-start elementor-mobile-position-block-start elementor-invisible elementor-widget elementor-widget-icon-box\" data-id=\"10f556c\" data-element_type=\"widget\" data-e-type=\"widget\" data-settings=\"{&quot;_animation&quot;:&quot;h-neuron-animation--slideUp&quot;}\" data-widget_type=\"icon-box.default\">\n\t\t\t\t<div class=\"elementor-widget-container\">\n\t\t\t\t\t\t\t<div class=\"elementor-icon-box-wrapper\">\n\n\t\t\t\t\t\t<div class=\"elementor-icon-box-icon\">\n\t\t\t\t<span  class=\"elementor-icon\">\n\t\t\t\t\t\t\t\t<\/span>\n\t\t\t<\/div>\n\t\t\t\n\t\t\t\t\t\t<div class=\"elementor-icon-box-content\">\n\n\t\t\t\t\t\t\t\t\t<span class=\"elementor-icon-box-title\">\n\t\t\t\t\t\t<span  >\n\t\t\t\t\t\t\tWebdesign und -entwicklung\t\t\t\t\t\t<\/span>\n\t\t\t\t\t<\/span>\n\t\t\t\t\n\t\t\t\t\t\t\t\t\t<p class=\"elementor-icon-box-description\">\n\t\t\t\t\t\tVon eleganten und modernen Designs bis hin zu benutzerfreundlicher Funktionalit\u00e4t sind unsere Website-Design- und -Entwicklungsdienste darauf ausgerichtet, die einzigartigen Anforderungen Ihres Unternehmens zu erf\u00fcllen. Ob Sie eine einfache Brosch\u00fcrenwebsite, eine robuste E-Commerce-Plattform oder eine individuelle Webanwendung ben\u00f6tigen, wir sind darauf vorbereitet, Ihre Vision zum Leben zu erwecken.\t\t\t\t\t<\/p>\n\t\t\t\t\n\t\t\t<\/div>\n\t\t\t\n\t\t<\/div>\n\t\t\t\t\t\t<\/div>\n\t\t\t\t<\/div>\n\t\t\t\t<div class=\"elementor-element elementor-element-5e524c8 animated-fast elementor-view-default elementor-position-block-start elementor-mobile-position-block-start elementor-invisible elementor-widget elementor-widget-icon-box\" data-id=\"5e524c8\" data-element_type=\"widget\" data-e-type=\"widget\" data-settings=\"{&quot;_animation&quot;:&quot;h-neuron-animation--slideUp&quot;,&quot;_animation_delay&quot;:300}\" data-widget_type=\"icon-box.default\">\n\t\t\t\t<div class=\"elementor-widget-container\">\n\t\t\t\t\t\t\t<div class=\"elementor-icon-box-wrapper\">\n\n\t\t\t\t\t\t<div class=\"elementor-icon-box-icon\">\n\t\t\t\t<span  class=\"elementor-icon\">\n\t\t\t\t\t\t\t\t<\/span>\n\t\t\t<\/div>\n\t\t\t\n\t\t\t\t\t\t<div class=\"elementor-icon-box-content\">\n\n\t\t\t\t\t\t\t\t\t<span class=\"elementor-icon-box-title\">\n\t\t\t\t\t\t<span  >\n\t\t\t\t\t\t\tInhalteerstellung und Marketing\t\t\t\t\t\t<\/span>\n\t\t\t\t\t<\/span>\n\t\t\t\t\n\t\t\t\t\t\t\t\t\t<p class=\"elementor-icon-box-description\">\n\t\t\t\t\t\tAnsprechende und relevante Inhalte sind entscheidend, um die Aufmerksamkeit Ihres Zielpublikums zu gewinnen und zu halten. Unser Team ist auf die Erstellung \u00fcberzeugender Inhalte in verschiedenen Formaten spezialisiert, darunter Blogbeitr\u00e4ge, Videos, Infografiken und mehr. Wir entwickeln eine Inhaltestrategie, die mit Ihrem Publikum resoniert und bedeutungsvolle Interaktionen f\u00f6rdert.\t\t\t\t\t<\/p>\n\t\t\t\t\n\t\t\t<\/div>\n\t\t\t\n\t\t<\/div>\n\t\t\t\t\t\t<\/div>\n\t\t\t\t<\/div>\n\t\t\t\t<div class=\"elementor-element elementor-element-39e9aee animated-fast elementor-view-default elementor-position-block-start elementor-mobile-position-block-start elementor-invisible elementor-widget elementor-widget-icon-box\" data-id=\"39e9aee\" data-element_type=\"widget\" data-e-type=\"widget\" data-settings=\"{&quot;_animation&quot;:&quot;h-neuron-animation--slideUp&quot;}\" data-widget_type=\"icon-box.default\">\n\t\t\t\t<div class=\"elementor-widget-container\">\n\t\t\t\t\t\t\t<div class=\"elementor-icon-box-wrapper\">\n\n\t\t\t\t\t\t<div class=\"elementor-icon-box-icon\">\n\t\t\t\t<span  class=\"elementor-icon\">\n\t\t\t\t\t\t\t\t<\/span>\n\t\t\t<\/div>\n\t\t\t\n\t\t\t\t\t\t<div class=\"elementor-icon-box-content\">\n\n\t\t\t\t\t\t\t\t\t<span class=\"elementor-icon-box-title\">\n\t\t\t\t\t\t<span  >\n\t\t\t\t\t\t\tSuchmaschinenoptimierung (SEO)\t\t\t\t\t\t<\/span>\n\t\t\t\t\t<\/span>\n\t\t\t\t\n\t\t\t\t\t\t\t\t\t<p class=\"elementor-icon-box-description\">\n\t\t\t\t\t\tSteigern Sie Ihre Online-Sichtbarkeit und lenken Sie organischen Traffic auf Ihre Website mit unseren umfassenden SEO-Services. Von der Keyword-Recherche und der On-Page-Optimierung \u00fcber technische Audits bis hin zum Linkaufbau setzen wir Strategien um, um das Suchmaschinenranking Ihrer Website zu verbessern und Ihre Online-Pr\u00e4senz zu steigern.\"\t\t\t\t\t<\/p>\n\t\t\t\t\n\t\t\t<\/div>\n\t\t\t\n\t\t<\/div>\n\t\t\t\t\t\t<\/div>\n\t\t\t\t<\/div>\n\t\t\t\t<div class=\"elementor-element elementor-element-1419c71 animated-fast elementor-view-default elementor-position-block-start elementor-mobile-position-block-start elementor-invisible elementor-widget elementor-widget-icon-box\" data-id=\"1419c71\" data-element_type=\"widget\" data-e-type=\"widget\" data-settings=\"{&quot;_animation&quot;:&quot;h-neuron-animation--slideUp&quot;}\" data-widget_type=\"icon-box.default\">\n\t\t\t\t<div class=\"elementor-widget-container\">\n\t\t\t\t\t\t\t<div class=\"elementor-icon-box-wrapper\">\n\n\t\t\t\t\t\t<div class=\"elementor-icon-box-icon\">\n\t\t\t\t<span  class=\"elementor-icon\">\n\t\t\t\t\t\t\t\t<\/span>\n\t\t\t<\/div>\n\t\t\t\n\t\t\t\t\t\t<div class=\"elementor-icon-box-content\">\n\n\t\t\t\t\t\t\t\t\t<span class=\"elementor-icon-box-title\">\n\t\t\t\t\t\t<span  >\n\t\t\t\t\t\t\tSocial-Media-Werbung:\t\t\t\t\t\t<\/span>\n\t\t\t\t\t<\/span>\n\t\t\t\t\n\t\t\t\t\t\t\t\t\t<p class=\"elementor-icon-box-description\">\n\t\t\t\t\t\tVergr\u00f6\u00dfern Sie die Reichweite Ihrer Marke und lenken Sie gezielten Traffic auf Ihre Website durch strategische Social-Media-Werbekampagnen. Egal, ob es sich um Facebook-Anzeigen, Instagram-Sponsored-Beitr\u00e4ge oder LinkedIn-Sponsored-Inhalte handelt, wir unterst\u00fctzen Sie dabei, Ihre Werbeausgaben zu optimieren und Ihre Marketingziele zu erreichen.\t\t\t\t\t<\/p>\n\t\t\t\t\n\t\t\t<\/div>\n\t\t\t\n\t\t<\/div>\n\t\t\t\t\t\t<\/div>\n\t\t\t\t<\/div>\n\t\t\t\t<div class=\"elementor-element elementor-element-e6168a6 animated-fast elementor-view-default elementor-position-block-start elementor-mobile-position-block-start elementor-invisible elementor-widget elementor-widget-icon-box\" data-id=\"e6168a6\" data-element_type=\"widget\" data-e-type=\"widget\" data-settings=\"{&quot;_animation&quot;:&quot;h-neuron-animation--slideUp&quot;,&quot;_animation_delay&quot;:450}\" data-widget_type=\"icon-box.default\">\n\t\t\t\t<div class=\"elementor-widget-container\">\n\t\t\t\t\t\t\t<div class=\"elementor-icon-box-wrapper\">\n\n\t\t\t\t\t\t<div class=\"elementor-icon-box-icon\">\n\t\t\t\t<span  class=\"elementor-icon\">\n\t\t\t\t\t\t\t\t<\/span>\n\t\t\t<\/div>\n\t\t\t\n\t\t\t\t\t\t<div class=\"elementor-icon-box-content\">\n\n\t\t\t\t\t\t\t\t\t<span class=\"elementor-icon-box-title\">\n\t\t\t\t\t\t<span  >\n\t\t\t\t\t\t\tWebseitenwartung und -support\t\t\t\t\t\t<\/span>\n\t\t\t\t\t<\/span>\n\t\t\t\t\n\t\t\t\t\t\t\t\t\t<p class=\"elementor-icon-box-description\">\n\t\t\t\t\t\tIhre Website ben\u00f6tigt kontinuierliche Wartung, um sicherzustellen, dass sie sicher, aktuell und optimal funktioniert. Unsere Website-Wartungs- und Support-Services umfassen regelm\u00e4\u00dfige Updates, Sicherheitspatches, Backups und Fehlerbehebungen, um Ihre Website reibungslos zu betreiben und Ausfallzeiten zu minimieren.\t\t\t\t\t<\/p>\n\t\t\t\t\n\t\t\t<\/div>\n\t\t\t\n\t\t<\/div>\n\t\t\t\t\t\t<\/div>\n\t\t\t\t<\/div>\n\t\t\t\t<\/div>\n\t\t<div class=\"elementor-element elementor-element-6347b58 animated-fast e-flex e-con-boxed elementor-invisible e-con e-parent\" data-id=\"6347b58\" data-element_type=\"container\" data-e-type=\"container\" data-settings=\"{&quot;animation&quot;:&quot;h-neuron-animation--slideUp&quot;}\">\n\t\t\t\t\t<div class=\"e-con-inner\">\n\t\t\t\t<div class=\"elementor-element elementor-element-10717dc elementor-widget elementor-widget-heading\" data-id=\"10717dc\" data-element_type=\"widget\" data-e-type=\"widget\" data-widget_type=\"heading.default\">\n\t\t\t\t<div class=\"elementor-widget-container\">\n\t\t\t\t\t<h4 class=\"elementor-heading-title elementor-size-default\">Die richtige Plan ausw\u00e4hlen<br>\nF\u00fcr Ihr Unternehmen<\/h4>\t\t\t\t<\/div>\n\t\t\t\t<\/div>\n\t\t<div class=\"elementor-element elementor-element-35a88da e-con-full e-flex e-con e-child\" data-id=\"35a88da\" data-element_type=\"container\" data-e-type=\"container\" data-settings=\"{&quot;background_background&quot;:&quot;classic&quot;}\">\n\t\t\t\t<div class=\"elementor-element elementor-element-5d522ae elementor-view-default elementor-widget elementor-widget-icon\" data-id=\"5d522ae\" data-element_type=\"widget\" data-e-type=\"widget\" data-widget_type=\"icon.default\">\n\t\t\t\t<div class=\"elementor-widget-container\">\n\t\t\t\t\t\t\t<div class=\"elementor-icon-wrapper\">\n\t\t\t<a class=\"elementor-icon elementor-animation-grow\" href=\"#elementor-action%3Aaction%3Dlightbox%26settings%3DeyJ0eXBlIjoidmlkZW8iLCJ2aWRlb1R5cGUiOiJ5b3V0dWJlIiwidXJsIjoiaHR0cHM6XC9cL3d3dy55b3V0dWJlLmNvbVwvZW1iZWRcLzdPVHhOaW9nT293P2ZlYXR1cmU9b2VtYmVkIn0%3D\">\n\t\t\t\t\t\t<\/a>\n\t\t<\/div>\n\t\t\t\t\t\t<\/div>\n\t\t\t\t<\/div>\n\t\t\t\t<\/div>\n\t\t\t\t\t<\/div>\n\t\t\t\t<\/div>\n\t\t<div class=\"elementor-element elementor-element-6b71357 animated-fast e-flex e-con-boxed elementor-invisible e-con e-parent\" data-id=\"6b71357\" data-element_type=\"container\" data-e-type=\"container\" data-settings=\"{&quot;animation&quot;:&quot;h-neuron-animation--slideUp&quot;}\">\n\t\t\t\t\t<div class=\"e-con-inner\">\n\t\t\t\t<div class=\"elementor-element elementor-element-a27f821 elementor-widget elementor-widget-heading\" data-id=\"a27f821\" data-element_type=\"widget\" data-e-type=\"widget\" data-widget_type=\"heading.default\">\n\t\t\t\t<div class=\"elementor-widget-container\">\n\t\t\t\t\t<h2 class=\"elementor-heading-title elementor-size-default\">H\u00e4ufig gestellte<br>\nquestions<\/h2>\t\t\t\t<\/div>\n\t\t\t\t<\/div>\n\t\t\t\t<div class=\"elementor-element elementor-element-4b5c1f0 elementor-widget elementor-widget-text-editor\" data-id=\"4b5c1f0\" data-element_type=\"widget\" data-e-type=\"widget\" data-widget_type=\"text-editor.default\">\n\t\t\t\t<div class=\"elementor-widget-container\">\n\t\t\t\t\t\t\t\t\t<p>Lorem ipsum dolor sit amet consectetur. Phasellus at<br \/>euismod id porta semper. Et viverra mauris neque amet.<\/p>\t\t\t\t\t\t\t\t<\/div>\n\t\t\t\t<\/div>\n\t\t\t\t<div class=\"elementor-element elementor-element-540a937 elementor-widget elementor-widget-toggle\" data-id=\"540a937\" data-element_type=\"widget\" data-e-type=\"widget\" data-widget_type=\"toggle.default\">\n\t\t\t\t<div class=\"elementor-widget-container\">\n\t\t\t\t\t\t\t<div class=\"elementor-toggle\">\n\t\t\t\t\t\t\t<div class=\"elementor-toggle-item\">\n\t\t\t\t\t<div id=\"elementor-tab-title-8811\" class=\"elementor-tab-title\" data-tab=\"1\" role=\"button\" aria-controls=\"elementor-tab-content-8811\" aria-expanded=\"false\">\n\t\t\t\t\t\t\t\t\t\t\t\t<span class=\"elementor-toggle-icon elementor-toggle-icon-right\" aria-hidden=\"true\">\n\t\t\t\t\t\t\t\t\t\t\t\t\t\t\t<span class=\"elementor-toggle-icon-closed\"><\/span>\n\t\t\t\t\t\t\t\t<span class=\"elementor-toggle-icon-opened\"><\/span>\n\t\t\t\t\t\t\t\t\t\t\t\t\t<\/span>\n\t\t\t\t\t\t\t\t\t\t\t\t<a class=\"elementor-toggle-title\" tabindex=\"0\">Auf welche Social-Media-Plattformen haben Sie sich spezialisiert?<\/a>\n\t\t\t\t\t<\/div>\n\n\t\t\t\t\t<div id=\"elementor-tab-content-8811\" class=\"elementor-tab-content elementor-clearfix\" data-tab=\"1\" role=\"region\" aria-labelledby=\"elementor-tab-title-8811\"><p>Unser Unternehmen hat sich auf eine Vielzahl von Social-Media-Plattformen spezialisiert, darunter, aber nicht beschr\u00e4nkt auf Facebook, Instagram, Twitter, LinkedIn, Pinterest und YouTube. Wir verstehen die einzigartigen Funktionen und Anforderungen jeder Plattform und passen unsere Strategien an, um Ihre Pr\u00e4senz und Interaktion auf ihnen zu maximieren.<\/p><\/div>\n\t\t\t\t<\/div>\n\t\t\t\t\t\t\t<div class=\"elementor-toggle-item\">\n\t\t\t\t\t<div id=\"elementor-tab-title-8812\" class=\"elementor-tab-title\" data-tab=\"2\" role=\"button\" aria-controls=\"elementor-tab-content-8812\" aria-expanded=\"false\">\n\t\t\t\t\t\t\t\t\t\t\t\t<span class=\"elementor-toggle-icon elementor-toggle-icon-right\" aria-hidden=\"true\">\n\t\t\t\t\t\t\t\t\t\t\t\t\t\t\t<span class=\"elementor-toggle-icon-closed\"><\/span>\n\t\t\t\t\t\t\t\t<span class=\"elementor-toggle-icon-opened\"><\/span>\n\t\t\t\t\t\t\t\t\t\t\t\t\t<\/span>\n\t\t\t\t\t\t\t\t\t\t\t\t<a class=\"elementor-toggle-title\" tabindex=\"0\">K\u00f6nnen Sie mir helfen, eine ma\u00dfgeschneiderte Social-Media-Strategie f\u00fcr mein Unternehmen zu erstellen?<\/a>\n\t\t\t\t\t<\/div>\n\n\t\t\t\t\t<div id=\"elementor-tab-content-8812\" class=\"elementor-tab-content elementor-clearfix\" data-tab=\"2\" role=\"region\" aria-labelledby=\"elementor-tab-title-8812\"><p>Absolut! Wir glauben daran, ma\u00dfgeschneiderte Strategien zu entwickeln, die Ihren Gesch\u00e4ftszielen und Ihrer Zielgruppe entsprechen. Unser Team wird eine gr\u00fcndliche Analyse Ihrer Branche, Ihrer Wettbewerber und Ihres Zielmarktes durchf\u00fchren, um eine Strategie zu entwickeln, die Ihren spezifischen Anforderungen entspricht, sei es Markenbekanntheit, Lead-Generierung oder Kundenbindung.<\/p><\/div>\n\t\t\t\t<\/div>\n\t\t\t\t\t\t\t<div class=\"elementor-toggle-item\">\n\t\t\t\t\t<div id=\"elementor-tab-title-8813\" class=\"elementor-tab-title\" data-tab=\"3\" role=\"button\" aria-controls=\"elementor-tab-content-8813\" aria-expanded=\"false\">\n\t\t\t\t\t\t\t\t\t\t\t\t<span class=\"elementor-toggle-icon elementor-toggle-icon-right\" aria-hidden=\"true\">\n\t\t\t\t\t\t\t\t\t\t\t\t\t\t\t<span class=\"elementor-toggle-icon-closed\"><\/span>\n\t\t\t\t\t\t\t\t<span class=\"elementor-toggle-icon-opened\"><\/span>\n\t\t\t\t\t\t\t\t\t\t\t\t\t<\/span>\n\t\t\t\t\t\t\t\t\t\t\t\t<a class=\"elementor-toggle-title\" tabindex=\"0\">Was f\u00fcr Webentwicklungsdienste bieten Sie an?<\/a>\n\t\t\t\t\t<\/div>\n\n\t\t\t\t\t<div id=\"elementor-tab-content-8813\" class=\"elementor-tab-content elementor-clearfix\" data-tab=\"3\" role=\"region\" aria-labelledby=\"elementor-tab-title-8813\"><p>Wir bieten ein umfassendes Spektrum an Webentwicklungsdiensten, einschlie\u00dflich Webseiten-Design, -Entwicklung und -Wartung. Ob Sie eine einfache Brosch\u00fcrenwebsite, eine E-Commerce-Plattform oder eine ma\u00dfgeschneiderte Webanwendung ben\u00f6tigen, unsere erfahrenen Entwickler verf\u00fcgen \u00fcber das Fachwissen, um Ihre Vision zum Leben zu erwecken.<\/p><\/div>\n\t\t\t\t<\/div>\n\t\t\t\t\t\t\t<div class=\"elementor-toggle-item\">\n\t\t\t\t\t<div id=\"elementor-tab-title-8814\" class=\"elementor-tab-title\" data-tab=\"4\" role=\"button\" aria-controls=\"elementor-tab-content-8814\" aria-expanded=\"false\">\n\t\t\t\t\t\t\t\t\t\t\t\t<span class=\"elementor-toggle-icon elementor-toggle-icon-right\" aria-hidden=\"true\">\n\t\t\t\t\t\t\t\t\t\t\t\t\t\t\t<span class=\"elementor-toggle-icon-closed\"><\/span>\n\t\t\t\t\t\t\t\t<span class=\"elementor-toggle-icon-opened\"><\/span>\n\t\t\t\t\t\t\t\t\t\t\t\t\t<\/span>\n\t\t\t\t\t\t\t\t\t\t\t\t<a class=\"elementor-toggle-title\" tabindex=\"0\">Wie lange dauert es, ein Webentwicklungsprojekt abzuschlie\u00dfen?<\/a>\n\t\t\t\t\t<\/div>\n\n\t\t\t\t\t<div id=\"elementor-tab-content-8814\" class=\"elementor-tab-content elementor-clearfix\" data-tab=\"4\" role=\"region\" aria-labelledby=\"elementor-tab-title-8814\"><p>Die Zeitlinie f\u00fcr ein Webentwicklungsprojekt variiert je nach Komplexit\u00e4t und Umfang des Projekts. Faktoren wie Design-\u00dcberarbeitungen, Inhaltsbeschaffung und Funktionsanforderungen k\u00f6nnen die Zeitlinie beeinflussen. Wir arbeiten jedoch eng mit unseren Kunden zusammen, um realistische Zeitpl\u00e4ne festzulegen und sie w\u00e4hrend des gesamten Entwicklungsprozesses auf dem Laufenden zu halten.<\/p><\/div>\n\t\t\t\t<\/div>\n\t\t\t\t\t\t\t<div class=\"elementor-toggle-item\">\n\t\t\t\t\t<div id=\"elementor-tab-title-8815\" class=\"elementor-tab-title\" data-tab=\"5\" role=\"button\" aria-controls=\"elementor-tab-content-8815\" aria-expanded=\"false\">\n\t\t\t\t\t\t\t\t\t\t\t\t<span class=\"elementor-toggle-icon elementor-toggle-icon-right\" aria-hidden=\"true\">\n\t\t\t\t\t\t\t\t\t\t\t\t\t\t\t<span class=\"elementor-toggle-icon-closed\"><\/span>\n\t\t\t\t\t\t\t\t<span class=\"elementor-toggle-icon-opened\"><\/span>\n\t\t\t\t\t\t\t\t\t\t\t\t\t<\/span>\n\t\t\t\t\t\t\t\t\t\t\t\t<a class=\"elementor-toggle-title\" tabindex=\"0\">Bieten Sie laufende Unterst\u00fctzung und Wartung f\u00fcr Websites an?<\/a>\n\t\t\t\t\t<\/div>\n\n\t\t\t\t\t<div id=\"elementor-tab-content-8815\" class=\"elementor-tab-content elementor-clearfix\" data-tab=\"5\" role=\"region\" aria-labelledby=\"elementor-tab-title-8815\"><p>Ja, wir bieten laufende Unterst\u00fctzungs- und Wartungsdienste an, um sicherzustellen, dass Ihre Website sicher, aktuell und optimal funktioniert. Unser Team kann alles von regelm\u00e4\u00dfigen Updates und Sicherheitspatches bis hin zur Fehlerbehebung und Implementierung neuer Funktionen \u00fcbernehmen, w\u00e4hrend sich Ihr Unternehmen weiterentwickelt.\"<\/p><\/div>\n\t\t\t\t<\/div>\n\t\t\t\t\t\t\t<div class=\"elementor-toggle-item\">\n\t\t\t\t\t<div id=\"elementor-tab-title-8816\" class=\"elementor-tab-title\" data-tab=\"6\" role=\"button\" aria-controls=\"elementor-tab-content-8816\" aria-expanded=\"false\">\n\t\t\t\t\t\t\t\t\t\t\t\t<span class=\"elementor-toggle-icon elementor-toggle-icon-right\" aria-hidden=\"true\">\n\t\t\t\t\t\t\t\t\t\t\t\t\t\t\t<span class=\"elementor-toggle-icon-closed\"><\/span>\n\t\t\t\t\t\t\t\t<span class=\"elementor-toggle-icon-opened\"><\/span>\n\t\t\t\t\t\t\t\t\t\t\t\t\t<\/span>\n\t\t\t\t\t\t\t\t\t\t\t\t<a class=\"elementor-toggle-title\" tabindex=\"0\"> Wie messen Sie den Erfolg von Social-Media-Kampagnen und die Leistung von Websites?<\/a>\n\t\t\t\t\t<\/div>\n\n\t\t\t\t\t<div id=\"elementor-tab-content-8816\" class=\"elementor-tab-content elementor-clearfix\" data-tab=\"6\" role=\"region\" aria-labelledby=\"elementor-tab-title-8816\"><p>Wir nutzen eine Vielzahl von Metriken und Analysetools, um den Erfolg von Social-Media-Kampagnen und die Leistung von Websites zu messen. Dazu geh\u00f6ren Metriken wie Engagement-Raten, Reichweite, Konversionsraten, Absprungraten und mehr. Wir bieten regelm\u00e4\u00dfige Berichte und Einblicke, um Ihnen zu helfen, die Auswirkungen unserer Bem\u00fchungen zu verstehen und fundierte Entscheidungen f\u00fcr die Zukunft zu treffen.<\/p><\/div>\n\t\t\t\t<\/div>\n\t\t\t\t\t\t\t\t<\/div>\n\t\t\t\t\t\t<\/div>\n\t\t\t\t<\/div>\n\t\t\t\t<div class=\"elementor-element elementor-element-f7bb94d elementor-widget elementor-widget-heading\" data-id=\"f7bb94d\" data-element_type=\"widget\" data-e-type=\"widget\" data-widget_type=\"heading.default\">\n\t\t\t\t<div class=\"elementor-widget-container\">\n\t\t\t\t\t<span class=\"elementor-heading-title elementor-size-default\">Wenn Sie die Antwort, nach der Sie suchen, nicht finden k\u00f6nnen, lassen Sie es uns bitte wissen, damit wir Ihnen weiterhelfen k\u00f6nnen <u>Kontaktieren Sie unseren Support.<\/u><\/span>\t\t\t\t<\/div>\n\t\t\t\t<\/div>\n\t\t\t\t\t<\/div>\n\t\t\t\t<\/div>\n\t\t<div class=\"elementor-element elementor-element-0a2b6d4 animated-fast e-flex e-con-boxed elementor-invisible e-con e-parent\" data-id=\"0a2b6d4\" data-element_type=\"container\" data-e-type=\"container\" data-settings=\"{&quot;background_background&quot;:&quot;classic&quot;,&quot;animation&quot;:&quot;h-neuron-animation--slideUp&quot;}\">\n\t\t\t\t\t<div class=\"e-con-inner\">\n\t\t\t\t<div class=\"elementor-element elementor-element-4652f0c elementor-widget elementor-widget-heading\" data-id=\"4652f0c\" data-element_type=\"widget\" data-e-type=\"widget\" data-widget_type=\"heading.default\">\n\t\t\t\t<div class=\"elementor-widget-container\">\n\t\t\t\t\t<h4 class=\"elementor-heading-title elementor-size-default\">Starten Sie jetzt Ihre Reise mit unserer Plattform und revolutionieren Sie Ihre Produktivit\u00e4t.<\/h4>\t\t\t\t<\/div>\n\t\t\t\t<\/div>\n\t\t\t\t\t<\/div>\n\t\t\t\t<\/div>\n\t\t\t\t<\/div>","protected":false},"excerpt":{"rendered":"<p>Home Services Choose the right plan for your business Build with love for growing businesses. Let&#8217;s talk! Social Media Management: Our social media management services encompass everything from content creation and scheduling to community engagement and analytics tracking. We craft tailored strategies to elevate your brand&#8217;s online presence across various platforms, driving engagement and fostering&#8230;<\/p>","protected":false},"author":2,"featured_media":0,"parent":0,"menu_order":0,"comment_status":"closed","ping_status":"closed","template":"","meta":{"footnotes":""},"class_list":["post-1988","page","type-page","status-publish","hentry"],"_links":{"self":[{"href":"https:\/\/neagency.net\/de\/wp-json\/wp\/v2\/pages\/1988","targetHints":{"allow":["GET"]}}],"collection":[{"href":"https:\/\/neagency.net\/de\/wp-json\/wp\/v2\/pages"}],"about":[{"href":"https:\/\/neagency.net\/de\/wp-json\/wp\/v2\/types\/page"}],"author":[{"embeddable":true,"href":"https:\/\/neagency.net\/de\/wp-json\/wp\/v2\/users\/2"}],"replies":[{"embeddable":true,"href":"https:\/\/neagency.net\/de\/wp-json\/wp\/v2\/comments?post=1988"}],"version-history":[{"count":15,"href":"https:\/\/neagency.net\/de\/wp-json\/wp\/v2\/pages\/1988\/revisions"}],"predecessor-version":[{"id":5012,"href":"https:\/\/neagency.net\/de\/wp-json\/wp\/v2\/pages\/1988\/revisions\/5012"}],"wp:attachment":[{"href":"https:\/\/neagency.net\/de\/wp-json\/wp\/v2\/media?parent=1988"}],"curies":[{"name":"wp","href":"https:\/\/api.w.org\/{rel}","templated":true}]}}